{"id":12166,"date":"2024-12-19T03:17:09","date_gmt":"2024-12-19T03:17:09","guid":{"rendered":"https:\/\/bubbafactory.shop\/?post_type=product&#038;p=12166"},"modified":"2024-12-19T03:19:11","modified_gmt":"2024-12-19T03:19:11","slug":"buy-bubble-hash","status":"publish","type":"product","link":"https:\/\/bubbafactory.shop\/index.php\/product\/buy-bubble-hash\/","title":{"rendered":"Buy Bubble Hash"},"content":{"rendered":"<h3><strong>Kaufen Bubble Hash Online \u2013 Premium-Qualit\u00e4t f\u00fcr ultimative Entspannung<\/strong><\/h3>\n<p>Wenn es um die besten Cannabi<a href=\"https:\/\/triplesealmenu.com\" target=\"_blank\" rel=\"noopener\">s<\/a>-Konzentrate geht, ist <strong>Bubble Hash<\/strong> eine der beliebtesten Optionen f\u00fcr Kenner und medizinische Anwender. Bekannt f\u00fcr seine Reinheit, starken Effekte und seinen angenehmen Geschmack, ist Bubble Haschisch ein absolutes Muss f\u00fcr jeden Cannabi<a href=\"https:\/\/triplesealmenu.com\" target=\"_blank\" rel=\"noopener\">s<\/a>-Liebhaber. Erfahren Sie, warum Bubble Hash unverzichtbar ist, und bestellen Sie jetzt bei <strong><a href=\"https:\/\/pandapackz.com\" target=\"_new\" rel=\"noopener\">Panda Packz<\/a><\/strong>.<\/p>\n<hr \/>\n<h3><strong>Was ist Bubble Hash?<\/strong><\/h3>\n<p>Bubble Hash ist ein hochwertiges Cannabi<a href=\"https:\/\/triplesealmenu.com\" target=\"_blank\" rel=\"noopener\">s<\/a>-Konzentrat, das ausschlie\u00dflich aus nat\u00fcrlichen, lebensmitteltauglichen Materialien hergestellt wird. Der Name stammt von den Blasen, die entstehen, wenn es erhitzt wird \u2013 ein Zeichen f\u00fcr seine Reinheit und Potenz. Bubble Haschisch bietet eine au\u00dfergew\u00f6hnliche Erfahrung und richte<a href=\"https:\/\/triplesealmenu.com\" target=\"_blank\" rel=\"noopener\">t<\/a> sich an erfahrene Nutzer ebenso wie an Einsteiger.<\/p>\n<p>Im Vergleich zu traditionellem Haschisch ist Bubble Haschisch\u00a0heller in der Farbe, \u00fcberzeugt jedoch mit denselben wunderbaren Aromen, Texturen und Effekten. Egal ob Sie Neuling oder Kenner sind, Bubble Hash ist ein Premium-Produkt, das jeden begeistert.<\/p>\n<hr \/>\n<h3><strong>Warum Bubble Hash w\u00e4hlen?<\/strong><\/h3>\n<ol>\n<li><strong>Herausragende Qualit\u00e4t:<\/strong><br \/>\nBubble Haschisch wird aus den besten Hanf- und Naturstoffen hergestellt und bietet jedes Mal ein sauberes, geschmackvolles Erlebnis.<\/li>\n<li><strong>Starke Effekte:<\/strong><br \/>\nMit einem THC-Gehalt von bis zu <strong>17 %<\/strong> liefert dieses Konzentrat einen intensiven K\u00f6rper- und Kopf-High, der perfekt zur Entspannung und Stressreduktion geeignet ist.<\/li>\n<li><strong>Nat\u00fcrlicher Geschmack und Aroma:<\/strong><br \/>\nFreuen Sie sich auf einen reichen, erdigen Geschmack mit feinen Zitronen-Noten. Bubble Haschisch bietet ein sanftes und angenehmes Raucherlebnis, das lange auf der Zunge verweilt.<\/li>\n<li><strong>Vielseitigkeit:<\/strong><br \/>\nVerwenden Sie Bubble Haschisch als Bowl-Topper, mischen Sie es mit Bl\u00fcten oder genie\u00dfen Sie es pur. Es ist ideal f\u00fcr Freizeit- und medizinische Zwecke geeignet.<\/li>\n<\/ol>\n<hr \/>\n<h3><strong>Bubble Hash zu verkaufen<\/strong><\/h3>\n<p>Auf der Suche nach hochwertigem Bubble Hash? Wir haben, was Sie brauchen. Unser <strong>Bubble Hash<\/strong> stammt von erstklassigen Sorten wie <strong>Grand Daddy Purple<\/strong> und <strong>OG Kush<\/strong>. Dieses indica-dominante Hybrid bietet au\u00dfergew\u00f6hnliche Entspannung und Schmerzlinderun<a href=\"https:\/\/triplesealmenu.com\" target=\"_blank\" rel=\"noopener\">g<\/a>.<\/p>\n<p><strong>Produktmerkmale:<\/strong><\/p>\n<ul>\n<li><strong>THC-Gehalt:<\/strong> 17 %<\/li>\n<li><strong>Gr\u00f6\u00dfe:<\/strong> Erh\u00e4ltlich in praktischen 1g-Portionen<\/li>\n<li><strong>Geschmacksprofil:<\/strong> Erdige Noten mit s\u00fc\u00dfen Fruchtnuancen<\/li>\n<li><strong>Aussehen:<\/strong> Hellbraun bis dunkelbraun mit bunten Haaren<\/li>\n<\/ul>\n<p>Bestellen Sie jetzt bei <strong><a href=\"https:\/\/pandapackz.com\" target=\"_new\" rel=\"noopener\">Panda Packz<\/a><\/strong>, um das beste Bubble Haschisch online zu erleben.<\/p>\n<hr \/>\n<h3><strong>Geschmack und Effekte<\/strong><\/h3>\n<p><strong>Geschmack:<\/strong><br \/>\nBubble Hash bietet einen subtilen, nat\u00fcrlichen Geschmack, der das Raucherlebnis aufwertet. Die erdigen Untert\u00f6ne verschmelzen wunderbar mit Zitronen- und s\u00fc\u00dfen Nuancen und sorgen f\u00fcr ein Geschmacksprofil, das Lust auf mehr macht.<\/p>\n<p><strong>Effekte:<\/strong><\/p>\n<ul>\n<li>Ein beruhigender K\u00f6rper-High kombiniert mit einem entspannenden Kopf-High<\/li>\n<li>Lindert Stress, Angstzust\u00e4nde und Depressionen<\/li>\n<li>F\u00f6rdert den Appetit und lindert chronische Schmerzen<\/li>\n<li>Ideal f\u00fcr den n\u00e4chtlichen Gebrauch, um einen tiefen Schlaf zu f\u00f6rdern<\/li>\n<\/ul>\n<hr \/>\n<h3><strong>Wo kann man Bubble Hash online kaufen?<\/strong><\/h3>\n<p>Hochwertiges Bubble Hash zu kaufen war noch nie so einfach. Bei <strong><a href=\"https:\/\/pandapackz.com\" target=\"_new\" rel=\"noopener\">Panda Packz<\/a><\/strong> bieten wir erstklassiges Bubble Haschisch mit schnelle<a href=\"https:\/\/triplesealmenu.com\" target=\"_blank\" rel=\"noopener\">r<\/a> und diskreter Lieferung. Hier erfahren Sie, warum wir die beste Wahl sind:<\/p>\n<ol>\n<li><strong>100 % Authentische Produkte:<\/strong><br \/>\nJede Charge wird sorgf\u00e4ltig hergestellt und auf Qualit\u00e4t gepr\u00fcft, damit Sie nur das Beste erhalten.<\/li>\n<li><strong>Kostenloser Versand:<\/strong><br \/>\nGenie\u00dfen Sie kostenlosen Versand auf alle Probierpakete und testen Sie, bevor Sie gr\u00f6\u00dfere Mengen bestellen.<\/li>\n<li><strong>Diskrete Lieferung:<\/strong><br \/>\nAlle Bestellungen werden diskret verpackt, um Ihre Privatsph\u00e4re zu wahren.<\/li>\n<li><strong>Kundenzufriedenheit:<\/strong><br \/>\nWir setzen alles daran, Ihnen ein erstklassiges Einkaufserlebnis mit reaktionsschnellem Kundenservice zu bieten.<\/li>\n<\/ol>\n<hr \/>\n<h3><strong>Bubble Hash Sour Diesel \u2013 Ein Sativa-dominanter Genuss<\/strong><\/h3>\n<p>F\u00fcr diejenigen, die ein Sativa-dominantes Erlebnis bevorzugen, ist unser <strong>Sour Diesel Bubble Hash<\/strong> ein Game-Change<a href=\"https:\/\/triplesealmenu.com\" target=\"_blank\" rel=\"noopener\">r<\/a>. Abgeleitet von der legend\u00e4ren <strong>Sour Diesel<\/strong>-Sorte, \u00fcberzeugt dieses Konzentrat mit einem kr\u00e4ftigen Diesel-Aroma und erdigen Untert\u00f6nen. Es aktiviert den Geist, w\u00e4hrend es den K\u00f6rper beruhigt \u2013 perfekt f\u00fcr den Tagesgebrauch.<\/p>\n<p><strong>Merkmale:<\/strong><\/p>\n<ul>\n<li><strong>Aussehen:<\/strong> Dunkelbraun mit bunten Haaren<\/li>\n<li><strong>Geschmack:<\/strong> Sauer und zitronig mit OG-Erde-T\u00f6nen<\/li>\n<li><strong>Duft:<\/strong> Kr\u00e4ftiger Diesel mit Zitronen-Noten<\/li>\n<li><strong>Effekte:<\/strong> Traumhafte geistige Klarheit mit minimaler k\u00f6rperlicher Intensit\u00e4t<\/li>\n<\/ul>\n<p>Empfohlen zur Linderung von Angstzust\u00e4nden, Stress und Depressionen.<\/p>\n<hr \/>\n<h3><strong>Wie verwendet man Bubble Hash?<\/strong><\/h3>\n<p>Bubble Hash ist vielseitig und einfach zu verwenden. Hier sind einige beliebte Methoden:<\/p>\n<ol>\n<li><strong>Als Bowl-Topper:<\/strong> Streuen Sie Bubble Haschisch \u00fcber Ihre Bl\u00fcten f\u00fcr einen zus\u00e4tzlichen Kick.<\/li>\n<li><strong>In Joints gemischt:<\/strong> F\u00fcgen Sie es Ihrem Joint hinzu, um die Potenz und den Geschmack zu verst\u00e4rken.<\/li>\n<li><strong>Pur genie\u00dfen:<\/strong> Verwenden Sie Bubble Haschisch in einer Pfeife oder einem Vaporizer f\u00fcr ein reines Erlebnis.<\/li>\n<\/ol>\n<hr \/>\n<h3><strong>Warum Panda Packz f\u00fcr Bubble Hash w\u00e4hlen?<\/strong><\/h3>\n<p>Wenn Sie bei <strong><a href=\"https:\/\/pandapackz.com\" target=\"_new\" rel=\"noopener\">Panda Packz<\/a><\/strong> einkaufen, erhalten Sie nicht nur Bubble Haschisch, sondern auch Qualit\u00e4t und Zuverl\u00e4ssigkeit. Hier ist, was uns auszeichne<a href=\"https:\/\/triplesealmenu.com\" target=\"_blank\" rel=\"noopener\">t<\/a>:<\/p>\n<ul>\n<li><strong>Erstklassige Sorten:<\/strong> Wir beziehen nur die besten Cannabissorten f\u00fcr unser Bubble Haschisch.<\/li>\n<li><strong>Laborgetestete Produkte:<\/strong> Jede Charge wird auf Potenz und Reinheit getestet, um ein sicheres und angenehmes Erlebnis zu gew\u00e4hrleisten.<\/li>\n<li><strong>Konkurrenzf\u00e4hige Preise:<\/strong> Genie\u00dfen Sie erstklassige Produkte zu unschlagbaren Preisen.<\/li>\n<li><strong>Kundensupport:<\/strong> Unser Team ist hier, um alle Ihre Fragen oder Anliegen zu beantworten.<\/li>\n<\/ul>\n<p>&nbsp;<\/p>\n","protected":false},"excerpt":{"rendered":"<p>Kaufen Bubble Hash Online \u2013 Premium-Qualit\u00e4t f\u00fcr ultimative Entspannung Wenn es um die besten Cannabis-Konzentrate geht, ist Bubble Hash eine der beliebtesten Optionen f\u00fcr Kenner und medizinische Anwender. Bekannt f\u00fcr seine Reinheit, starken Effekte und seinen angenehmen Geschmack, ist Bubble Haschisch ein absolutes Muss f\u00fcr jeden Cannabis-Liebhaber. Erfahren Sie, warum Bubble Hash unverzichtbar ist, und [&hellip;]<\/p>\n","protected":false},"featured_media":12224,"comment_status":"closed","ping_status":"closed","template":"","meta":[],"product_brand":[],"product_cat":[4105],"product_tag":[4197,4198,4199,4200,4201,4202],"class_list":{"0":"post-12166","1":"product","2":"type-product","3":"status-publish","4":"has-post-thumbnail","6":"product_cat-weed-hash","7":"product_tag-bubble-hash","8":"product_tag-bubble-hash-for-sale","9":"product_tag-bubble-hash-rosin","10":"product_tag-buy-bubble-hash-online","11":"product_tag-how-to-make-bubble-hash","12":"product_tag-order-bubble-hash-online","14":"first","15":"instock","16":"sale","17":"shipping-taxable","18":"purchasable","19":"product-type-variable"},"_links":{"self":[{"href":"https:\/\/bubbafactory.shop\/index.php\/wp-json\/wp\/v2\/product\/12166","targetHints":{"allow":["GET"]}}],"collection":[{"href":"https:\/\/bubbafactory.shop\/index.php\/wp-json\/wp\/v2\/product"}],"about":[{"href":"https:\/\/bubbafactory.shop\/index.php\/wp-json\/wp\/v2\/types\/product"}],"replies":[{"embeddable":true,"href":"https:\/\/bubbafactory.shop\/index.php\/wp-json\/wp\/v2\/comments?post=12166"}],"version-history":[{"count":0,"href":"https:\/\/bubbafactory.shop\/index.php\/wp-json\/wp\/v2\/product\/12166\/revisions"}],"wp:featuredmedia":[{"embeddable":true,"href":"https:\/\/bubbafactory.shop\/index.php\/wp-json\/wp\/v2\/media\/12224"}],"wp:attachment":[{"href":"https:\/\/bubbafactory.shop\/index.php\/wp-json\/wp\/v2\/media?parent=12166"}],"wp:term":[{"taxonomy":"product_brand","embeddable":true,"href":"https:\/\/bubbafactory.shop\/index.php\/wp-json\/wp\/v2\/product_brand?post=12166"},{"taxonomy":"product_cat","embeddable":true,"href":"https:\/\/bubbafactory.shop\/index.php\/wp-json\/wp\/v2\/product_cat?post=12166"},{"taxonomy":"product_tag","embeddable":true,"href":"https:\/\/bubbafactory.shop\/index.php\/wp-json\/wp\/v2\/product_tag?post=12166"}],"curies":[{"name":"wp","href":"https:\/\/api.w.org\/{rel}","templated":true}]}}